{"id":314,"date":"2026-03-11T10:28:48","date_gmt":"2026-03-11T09:28:48","guid":{"rendered":"https:\/\/www.borealstore.org\/aviso-legal\/"},"modified":"2026-03-12T11:37:08","modified_gmt":"2026-03-12T10:37:08","slug":"aviso-legal","status":"publish","type":"page","link":"https:\/\/www.borealstore.org\/es\/aviso-legal\/","title":{"rendered":"Aviso legal"},"content":{"rendered":"<p>[et_pb_section fb_built=\u00bb1&#8243; _builder_version=\u00bb4.27.6&#8243; _module_preset=\u00bbdefault\u00bb custom_padding=\u00bb||5px|||\u00bb hover_enabled=\u00bb0&#8243; global_colors_info=\u00bb{%22gcid-2840b77b-6d98-4618-8a45-5e9e984aa926%22:%91%22background_color%22%93}\u00bb background_enable_color=\u00bboff\u00bb sticky_enabled=\u00bb0&#8243; locked=\u00bboff\u00bb][et_pb_row _builder_version=\u00bb4.27.6&#8243; _module_preset=\u00bbdefault\u00bb global_colors_info=\u00bb{}\u00bb custom_padding=\u00bb||2px|||\u00bb][et_pb_column type=\u00bb4_4&#8243; _builder_version=\u00bb4.27.6&#8243; _module_preset=\u00bbdefault\u00bb global_colors_info=\u00bb{}\u00bb][et_pb_text _builder_version=\u00bb4.27.6&#8243; _module_preset=\u00bbdefault\u00bb header_text_color=\u00bbgcid-primary-color\u00bb hover_enabled=\u00bb0&#8243; global_colors_info=\u00bb{%22gcid-primary-color%22:%91%22header_text_color%22%93,%22gcid-secondary-color%22:%91%22border_color_bottom%22%93}\u00bb sticky_enabled=\u00bb0&#8243; border_width_bottom=\u00bb1px\u00bb border_color_bottom=\u00bbgcid-secondary-color\u00bb]<\/p>\n<h1 style=\"text-align: left;\">AVISO LEGAL<\/h1>\n<p>[\/et_pb_text][\/et_pb_column][\/et_pb_row][\/et_pb_section][et_pb_section fb_built=\u00bb1&#8243; _builder_version=\u00bb4.27.6&#8243; _module_preset=\u00bbdefault\u00bb global_colors_info=\u00bb{}\u00bb][et_pb_row _builder_version=\u00bb4.27.6&#8243; _module_preset=\u00bbdefault\u00bb global_colors_info=\u00bb{}\u00bb][et_pb_column type=\u00bb4_4&#8243; _builder_version=\u00bb4.27.6&#8243; _module_preset=\u00bbdefault\u00bb global_colors_info=\u00bb{}\u00bb][et_pb_text _builder_version=\u00bb4.27.6&#8243; _module_preset=\u00bbdefault\u00bb global_colors_info=\u00bb{}\u00bb]<\/p>\n<div id=\"div_block-6-140\" class=\"ct-div-block\">\n<h2 id=\"headline-4-140\" class=\"ct-headline bo-heading-divs\">I. &#8211; Objeto<\/h2>\n<div id=\"text_block-3-140\" class=\"ct-text-block bo-text-negre\"><b>borealstore.org <\/b>es un dominio en Internet titularidad de BOREAL COMUNICACI\u00d3 ACCESSIBLE, SCCL, en adelante denominada \u00abprestadora\u00bb, inscrita en el Registro de Cooperatives de Catalunya, 4405 y con CIF F01877232. La prestadora, responsable del sitio web, pone a disposici\u00f3n de los usuarios el presente documento con el que pretende dar cumplimiento a las obligaciones dispuestas en la Ley 34\/2002, de Servicios de la Sociedad de la Informaci\u00f3n y del Comercio Electr\u00f3nico (LSSI-CE), as\u00ed como informar a todos los usuarios del sitio web respecto a cu\u00e1les son las condiciones de uso del sitio web y la pol\u00edtica de protecci\u00f3n de datos de car\u00e1cter personal. Toda persona que acceda a este sitio web asume el papel de usuario, comprometi\u00e9ndose a la observancia y cumplimiento riguroso de estas disposiciones o cualesquiera otra disposici\u00f3n legal que resultara de aplicaci\u00f3n. La prestadora se reserva el derecho a modificar cualquier tipo de informaci\u00f3n que pudiera aparecer en el sitio web, sin que exista obligaci\u00f3n de preavisar o poner en conocimiento de los usuarios dichas obligaciones, entendi\u00e9ndose como suficiente con la publicaci\u00f3n en el sitio web de la prestadora.<\/div>\n<div class=\"ct-text-block bo-text-negre\"><\/div>\n<div class=\"ct-text-block bo-text-negre\"><\/div>\n<div class=\"ct-text-block bo-text-negre\"><\/div>\n<div class=\"ct-text-block bo-text-negre\"><\/div>\n<\/div>\n<div id=\"div_block-10-140\" class=\"ct-div-block\">\n<h2 class=\"ct-headline bo-heading-divs\"><\/h2>\n<h2 class=\"ct-headline bo-heading-divs\"><\/h2>\n<h2 class=\"ct-headline bo-heading-divs\"><\/h2>\n<h2 class=\"ct-headline bo-heading-divs\"><\/h2>\n<h2 class=\"ct-headline bo-heading-divs\"><\/h2>\n<h2 class=\"ct-headline bo-heading-divs\"><\/h2>\n<h2 id=\"headline-11-140\" class=\"ct-headline bo-heading-divs\">II. &#8211; Propiedad Intelectual<\/h2>\n<div id=\"text_block-12-140\" class=\"ct-text-block bo-text-negre\">\n<p>Los contenidos de esta web, incluyendo, entre otros, im\u00e1genes, logotipos, gr\u00e1ficos, animaciones, textos o aplicaciones inform\u00e1ticas, cualesquiera que sea su formato, lenguaje de programaci\u00f3n y forma de representaci\u00f3n, as\u00ed como el nombre de dominio<span> <\/span><b>lscboreal.cat <\/b>son propiedad de la prestadora, o bien ha adquirido los correspondientes derechos de sus propietarios. De forma general queda prohibida su utilizaci\u00f3n con fines comerciales as\u00ed como su transformacia\u00f3n o alteraci\u00f3n. BOREAL COMUNICACI\u00d3 ACCESSIBLE, SCCL se reserva el derecho a iniciar las acciones legales oportunas para reparar los da\u00f1os y perjuicios causados por cualquier acto que vulnere los derechos de propiedad intelectual.<br \/>Las presentes condiciones generales se rigen por la Legislaci\u00f3n catalana y del estado espa\u00f1ol, siendo competentes los Juzgados y Tribunales catalanes y del estado espa\u00f1ol para conocer de cu\u00e1ntas cuestiones se susciten sobre la interpretaci\u00f3n, aplicaci\u00f3n y cumplimiento de las mismas. La prestadora, en virtud de su aceptaci\u00f3n a las condiciones generales recogidas en este aviso legal, renuncia expresamente a cualquier fuero que, por aplicaci\u00f3n de la Ley de Enjuiciamiento Civil vigente pudiera corresponderle.<\/p>\n<\/div>\n<div class=\"ct-text-block bo-text-negre\"><\/div>\n<\/div>\n<div id=\"div_block-13-140\" class=\"ct-div-block\">\n<h2 class=\"ct-headline bo-heading-divs\"><\/h2>\n<h2 class=\"ct-headline bo-heading-divs\"><\/h2>\n<h2 class=\"ct-headline bo-heading-divs\"><\/h2>\n<h2 class=\"ct-headline bo-heading-divs\"><\/h2>\n<h2 class=\"ct-headline bo-heading-divs\"><\/h2>\n<h2 class=\"ct-headline bo-heading-divs\"><\/h2>\n<h2 id=\"headline-14-140\" class=\"ct-headline bo-heading-divs\">III. &#8211; Pol\u00edtica de privacidad y protecci\u00f3n de datos de car\u00e1cter personal<\/h2>\n<div id=\"text_block-15-140\" class=\"ct-text-block bo-text-negre\">\n<p>En virtud del RGPD 2016\/679 y la LOPDGDD 3\/2018 de protecci\u00f3n de datos personales y garant\u00edas de los derechos digitales, por la presente autoriza que los datos personales facilitados sean incorporados y tratados a los ficheros responsabilidad de BOREAL COMUNICACI\u00d3N ACCESIBLE SCCL y domicilio en C. Francisco de Quevedo, 16, 08402 de Granollers. Los usuarios, mediante la marcaci\u00f3n de la casilla que se muestra en los formularios de introducci\u00f3n de datos, aceptan expresamente y de forma libre e inequ\u00edvoca que sus datos sean tratados por parte de la prestadora para realizar las siguientes finalidades:<\/p>\n<p>1. Responder a comunicaciones recibidas.<\/p>\n<p>2. Remitir, informaci\u00f3n sobre novedades, actualidad, eventos, actividades, etc.<\/p>\n<p>3. Realizar estudios estad\u00edsticos.<\/p>\n<p>La prestadora informa y garantiza expresamente a los usuarios que sus datos personales no ser\u00e1n cedidos en ning\u00fan caso a terceros. La prestadora garantiza en todo caso al usuario el ejercicio de los derechos de acceso, rectificaci\u00f3n, cancelaci\u00f3n, informaci\u00f3n y oposici\u00f3n, en los t\u00e9rminos que dispone la legislaci\u00f3n vigente. Por ello, de conformidad con lo dispuesto en la Ley Org\u00e1nica 15\/1999, de protecci\u00f3n de datos de car\u00e1cter personal (LOPD) podr\u00e1 ejercer sus derechos enviando una solicitud por correo electr\u00f3nico a xxxxx@XXX o mediante la secci\u00f3n de contacto de esta web. De la misma manera, la prestadora ha adoptado todas las medidas t\u00e9cnicas y de organizaci\u00f3n necesarias para garantizar la seguridad e integridad de los datos de car\u00e1cter personal que trate, as\u00ed como para evitar su p\u00e9rdida, alteraci\u00f3n y \/ o acceso por parte de terceros no autorizados.<\/p>\n<p><b>Uso de cookies y del fichero de actividad:<\/b><br \/>Este sitio web no utiliza cookies ni cualquier otro dispositivo an\u00e1logo que permita la obtenci\u00f3n de datos personales sin su consentimiento, excepto las utilizadas por Google Analytics. La responsabilidad relativa a estos datos corresponde exclusivamente a Google Inc.., Que, de acuerdo con los t\u00e9rminos del servicio, ser\u00e1n utilizados con el prop\u00f3sito de seguir la pista de su uso de la web, recopilando informes de la actividad de la misma as\u00ed como de Internet. Google afirma que podr\u00e1 transmitir dicha informaci\u00f3n a terceros cuando as\u00ed lo requiera la legislaci\u00f3n, o cuando dichos terceros procesen la informaci\u00f3n por cuenta de Google, y que no asociar\u00e1 su direcci\u00f3n IP con ning\u00fan otro dato del que disponga Google. Al utilizar este sitio web, consiente el tratamiento de dichos datos por Google en la forma y para los fines se\u00f1alados.<\/p>\n<p><b>Direcciones IP:<\/b><br \/>Los servidores del sitio web podr\u00e1n detectar de manera autom\u00e1tica la direcci\u00f3n IP y el nombre de dominio utilizados por el usuario. Una direcci\u00f3n IP es un nombre asignado autom\u00e1ticamente a un ordenador cuando \u00e9ste se conecta a Internet. Toda esta informaci\u00f3n es registrada en un fichero de actividad del servidor debidamente inscrito que permite el posterior procesamiento de los datos con el fin de obtener mediciones \u00fanicamente estad\u00edsticas que permitan conocer el n\u00famero de impresiones de p\u00e1ginas, el n\u00famero de visitas realizadas a los servicios web, el orden de visitas, el punto de acceso, etc.<\/p>\n<\/div>\n<\/div>\n<div id=\"div_block-16-140\" class=\"ct-div-block\">\n<h2 class=\"ct-headline bo-heading-divs\"><\/h2>\n<h2 class=\"ct-headline bo-heading-divs\"><\/h2>\n<h2 class=\"ct-headline bo-heading-divs\"><\/h2>\n<h2 class=\"ct-headline bo-heading-divs\"><\/h2>\n<h2 class=\"ct-headline bo-heading-divs\"><\/h2>\n<h2 class=\"ct-headline bo-heading-divs\"><\/h2>\n<h2 id=\"headline-17-140\" class=\"ct-headline bo-heading-divs\">IV. &#8211; Limitaci\u00f3n de Responsabilidad<\/h2>\n<div id=\"text_block-18-140\" class=\"ct-text-block bo-text-negre\">Los contenidos de este sitio web se ofrecen con una finalidad informativa y divulgativa. Los enlaces (hiperv\u00ednculos) o contenidos de terceros que aparecen en esta web se facilitan con la finalidad de ampliar la informaci\u00f3n o indicar otro punto de vista. Su inclusi\u00f3n no implica la aceptaci\u00f3n de dichos contenidos, ni la asociaci\u00f3n de la prestadora con los responsables de dichas p\u00e1ginas web, por lo que rechaza toda responsabilidad en relaci\u00f3n con los mismos, as\u00ed como por los da\u00f1os que pudieran causarse por cualquier motivo en su sistema inform\u00e1tico (equipo y aplicaciones), documentos o ficheros. La prestadora s\u00f3lo podr\u00e1 ser responsable por dichos contenidos de acuerdo con lo establecido en la Ley 34\/2002, de 11 de julio, de Servicios de la Sociedad de la Informaci\u00f3n y de Comercio Electr\u00f3nico, en caso de que, habiendo tenido conocimiento efectivo de su ilicitud o de que lesiona los bienes o intereses de un tercero, no suprima o inutilice el enlace a los mismos. La prestadora no garantiza la fiabilidad, disponibilidad o continuidad de este sitio web ni de sus contenidos por motivos t\u00e9cnicos, de seguridad, control o mantenimiento del servicio, por fallos debidos al servidor que aloja los contenidos o de otros intermediarios o proveedores, por ataques contra el sistema inform\u00e1tico, ni por cualquier otro motivo que se deriven de causas que escapen a su control, por lo que rechaza cualquier responsabilidad, directa o indirecta, por los mismos.<\/div>\n<div class=\"ct-text-block bo-text-negre\"><\/div>\n<\/div>\n<div id=\"div_block-19-140\" class=\"ct-div-block\">\n<h2 class=\"ct-headline bo-heading-divs\"><\/h2>\n<h2 class=\"ct-headline bo-heading-divs\"><\/h2>\n<h2 class=\"ct-headline bo-heading-divs\"><\/h2>\n<h2 class=\"ct-headline bo-heading-divs\"><\/h2>\n<h2 class=\"ct-headline bo-heading-divs\"><\/h2>\n<h2 class=\"ct-headline bo-heading-divs\"><\/h2>\n<h2 id=\"headline-20-140\" class=\"ct-headline bo-heading-divs\">V. &#8211; Modificaciones y Actualizaciones<\/h2>\n<div id=\"text_block-21-140\" class=\"ct-text-block bo-text-negre\">La prestadora se reserva la facultad de efectuar, en cualquier momento y sin necesidad de previo aviso, modificaciones y actualizaciones de la informaci\u00f3n contenida en la web, de la configuraci\u00f3n, disponibilidad y presentaci\u00f3n de \u00e9sta.<\/div>\n<\/div>\n<p>[\/et_pb_text][\/et_pb_column][\/et_pb_row][\/et_pb_section]<\/p>\n","protected":false},"excerpt":{"rendered":"<p>AVISO LEGAL I. &#8211; Objeto borealstore.org es un dominio en Internet titularidad de BOREAL COMUNICACI\u00d3 ACCESSIBLE, SCCL, en adelante denominada \u00abprestadora\u00bb, inscrita en el Registro de Cooperatives de Catalunya, 4405 y con CIF F01877232. La prestadora, responsable del sitio web, pone a disposici\u00f3n de los usuarios el presente documento con el que pretende dar cumplimiento [&hellip;]<\/p>\n","protected":false},"author":2,"featured_media":0,"parent":0,"menu_order":0,"comment_status":"closed","ping_status":"closed","template":"","meta":{"_et_pb_use_builder":"on","_et_pb_old_content":"","_et_gb_content_width":"","footnotes":""},"class_list":["post-314","page","type-page","status-publish","hentry"],"_links":{"self":[{"href":"https:\/\/www.borealstore.org\/es\/wp-json\/wp\/v2\/pages\/314","targetHints":{"allow":["GET"]}}],"collection":[{"href":"https:\/\/www.borealstore.org\/es\/wp-json\/wp\/v2\/pages"}],"about":[{"href":"https:\/\/www.borealstore.org\/es\/wp-json\/wp\/v2\/types\/page"}],"author":[{"embeddable":true,"href":"https:\/\/www.borealstore.org\/es\/wp-json\/wp\/v2\/users\/2"}],"replies":[{"embeddable":true,"href":"https:\/\/www.borealstore.org\/es\/wp-json\/wp\/v2\/comments?post=314"}],"version-history":[{"count":2,"href":"https:\/\/www.borealstore.org\/es\/wp-json\/wp\/v2\/pages\/314\/revisions"}],"predecessor-version":[{"id":316,"href":"https:\/\/www.borealstore.org\/es\/wp-json\/wp\/v2\/pages\/314\/revisions\/316"}],"wp:attachment":[{"href":"https:\/\/www.borealstore.org\/es\/wp-json\/wp\/v2\/media?parent=314"}],"curies":[{"name":"wp","href":"https:\/\/api.w.org\/{rel}","templated":true}]}}