{"id":324,"date":"2026-03-10T10:08:56","date_gmt":"2026-03-10T09:08:56","guid":{"rendered":"https:\/\/www.borealstore.org\/presentacion\/"},"modified":"2026-03-18T13:15:36","modified_gmt":"2026-03-18T12:15:36","slug":"presentacion","status":"publish","type":"page","link":"https:\/\/www.borealstore.org\/es\/","title":{"rendered":"Presentaci\u00f3n"},"content":{"rendered":"<p>[et_pb_section fb_built=\u00bb1&#8243; _builder_version=\u00bb4.27.6&#8243; _module_preset=\u00bbdefault\u00bb background_image=\u00bbhttps:\/\/www.borealstore.org\/wp-content\/uploads\/2026\/03\/monograma_web_arrova.png\u00bb background_size=\u00bbcustom\u00bb background_image_width=\u00bb23%\u00bb background_repeat=\u00bbrepeat\u00bb custom_padding=\u00bb7px||56px|||\u00bb global_colors_info=\u00bb{}\u00bb][\/et_pb_section][et_pb_section fb_built=\u00bb1&#8243; _builder_version=\u00bb4.27.6&#8243; _module_preset=\u00bbdefault\u00bb background_color=\u00bbgcid-46163ba7-5a46-4e6c-83ea-ad8407f6a515&#8243; global_colors_info=\u00bb{%22gcid-46163ba7-5a46-4e6c-83ea-ad8407f6a515%22:%91%22background_color%22%93}\u00bb][et_pb_row _builder_version=\u00bb4.27.6&#8243; _module_preset=\u00bbdefault\u00bb global_colors_info=\u00bb{}\u00bb][et_pb_column type=\u00bb4_4&#8243; _builder_version=\u00bb4.27.6&#8243; _module_preset=\u00bbdefault\u00bb global_colors_info=\u00bb{}\u00bb][et_pb_image src=\u00bbhttps:\/\/www.borealstore.org\/wp-content\/uploads\/2026\/03\/logo_web_boreal_blanc-scaled.png\u00bb title_text=\u00bblogo_web_boreal_blanc\u00bb align=\u00bbcenter\u00bb _builder_version=\u00bb4.27.6&#8243; _module_preset=\u00bbdefault\u00bb width=\u00bb41%\u00bb global_colors_info=\u00bb{}\u00bb][\/et_pb_image][et_pb_text _builder_version=\u00bb4.27.6&#8243; _module_preset=\u00bbdefault\u00bb text_text_color=\u00bb#FFFFFF\u00bb header_text_align=\u00bbcenter\u00bb header_text_color=\u00bb#FFFFFF\u00bb global_colors_info=\u00bb{}\u00bb]<\/p>\n<h1>Un mundo lleno de cosas en lengua de signos<\/h1>\n<p>[\/et_pb_text][\/et_pb_column][\/et_pb_row][\/et_pb_section][et_pb_section fb_built=\u00bb1&#8243; _builder_version=\u00bb4.27.6&#8243; _module_preset=\u00bbdefault\u00bb background_image=\u00bbhttps:\/\/www.borealstore.org\/wp-content\/uploads\/2026\/03\/5anysboreal.webp\u00bb custom_padding=\u00bb57px||38px|||\u00bb global_colors_info=\u00bb{}\u00bb][\/et_pb_section][et_pb_section fb_built=\u00bb1&#8243; disabled_on=\u00bbon|on|off\u00bb _builder_version=\u00bb4.27.6&#8243; _module_preset=\u00bbdefault\u00bb background_image=\u00bbhttps:\/\/www.borealstore.org\/wp-content\/uploads\/2026\/03\/monograma_web_arrova.png\u00bb background_size=\u00bbcontain\u00bb background_repeat=\u00bbrepeat\u00bb global_colors_info=\u00bb{}\u00bb][et_pb_row column_structure=\u00bb1_3,1_3,1_3&#8243; _builder_version=\u00bb4.27.6&#8243; _module_preset=\u00bbdefault\u00bb global_colors_info=\u00bb{}\u00bb][et_pb_column type=\u00bb1_3&#8243; _builder_version=\u00bb4.27.6&#8243; _module_preset=\u00bbdefault\u00bb global_colors_info=\u00bb{}\u00bb][et_pb_text _builder_version=\u00bb4.27.6&#8243; _module_preset=\u00bbdefault\u00bb header_text_align=\u00bbcenter\u00bb header_2_text_color=\u00bb#FFFFFF\u00bb header_2_font_size=\u00bb30px\u00bb background_color=\u00bbgcid-46163ba7-5a46-4e6c-83ea-ad8407f6a515&#8243; width=\u00bb100%\u00bb max_width=\u00bb100%\u00bb min_height=\u00bb313px\u00bb custom_padding=\u00bb135px||||false|false\u00bb link_option_url=\u00bbhttps:\/\/www.borealstore.org\/es\/tienda\/\u00bb border_radii=\u00bbon|227px|227px|227px|227px\u00bb global_colors_info=\u00bb{%22gcid-46163ba7-5a46-4e6c-83ea-ad8407f6a515%22:%91%22background_color%22%93}\u00bb]<\/p>\n<h2 style=\"text-align: center;\">TIENDA<\/h2>\n<p>[\/et_pb_text][et_pb_text _builder_version=\u00bb4.27.6&#8243; _module_preset=\u00bbdefault\u00bb text_text_color=\u00bb#FFFFFF\u00bb background_color=\u00bbgcid-2840b77b-6d98-4618-8a45-5e9e984aa926&#8243; custom_padding=\u00bb20px|20px|20px|20px|true|true\u00bb border_radii=\u00bbon|20px|20px|20px|20px\u00bb global_colors_info=\u00bb{%22gcid-2840b77b-6d98-4618-8a45-5e9e984aa926%22:%91%22background_color%22%93}\u00bb]<\/p>\n<p style=\"text-align: center;\">Visita nuestra tienda donde podr\u00e1s comprar nuestros productos.<\/p>\n<p>[\/et_pb_text][\/et_pb_column][et_pb_column type=\u00bb1_3&#8243; _builder_version=\u00bb4.27.6&#8243; _module_preset=\u00bbdefault\u00bb global_colors_info=\u00bb{}\u00bb][et_pb_text _builder_version=\u00bb4.27.6&#8243; _module_preset=\u00bbdefault\u00bb text_text_color=\u00bb#FFFFFF\u00bb background_color=\u00bbgcid-2840b77b-6d98-4618-8a45-5e9e984aa926&#8243; custom_padding=\u00bb20px|20px|20px|20px|true|true\u00bb border_radii=\u00bbon|20px|20px|20px|20px\u00bb global_colors_info=\u00bb{%22gcid-2840b77b-6d98-4618-8a45-5e9e984aa926%22:%91%22background_color%22%93}\u00bb]<\/p>\n<p style=\"text-align: center;\">Descubre qui\u00e9nes somos y qu\u00e9 ofrecemos en nuestra web principal.<\/p>\n<p>[\/et_pb_text][et_pb_text _builder_version=\u00bb4.27.6&#8243; _module_preset=\u00bbdefault\u00bb header_text_align=\u00bbcenter\u00bb header_2_text_color=\u00bb#FFFFFF\u00bb header_2_font_size=\u00bb30px\u00bb background_color=\u00bbgcid-46163ba7-5a46-4e6c-83ea-ad8407f6a515&#8243; width=\u00bb100%\u00bb max_width=\u00bb100%\u00bb min_height=\u00bb313px\u00bb custom_padding=\u00bb135px||||false|false\u00bb link_option_url=\u00bbhttps:\/\/lscboreal.cat\/\u00bb border_radii=\u00bbon|227px|227px|227px|227px\u00bb global_colors_info=\u00bb{%22gcid-46163ba7-5a46-4e6c-83ea-ad8407f6a515%22:%91%22background_color%22%93}\u00bb]<\/p>\n<h2 style=\"text-align: center;\">BOREAL<\/h2>\n<p>[\/et_pb_text][\/et_pb_column][et_pb_column type=\u00bb1_3&#8243; _builder_version=\u00bb4.27.6&#8243; _module_preset=\u00bbdefault\u00bb global_colors_info=\u00bb{}\u00bb][et_pb_text _builder_version=\u00bb4.27.6&#8243; _module_preset=\u00bbdefault\u00bb header_text_align=\u00bbcenter\u00bb header_2_text_color=\u00bb#FFFFFF\u00bb header_2_font_size=\u00bb30px\u00bb background_color=\u00bbgcid-46163ba7-5a46-4e6c-83ea-ad8407f6a515&#8243; width=\u00bb100%\u00bb max_width=\u00bb100%\u00bb min_height=\u00bb313px\u00bb custom_padding=\u00bb135px||||false|false\u00bb link_option_url=\u00bbhttps:\/\/lscboreal.cat\/cursos\/\u00bb border_radii=\u00bbon|227px|227px|227px|227px\u00bb global_colors_info=\u00bb{%22gcid-46163ba7-5a46-4e6c-83ea-ad8407f6a515%22:%91%22background_color%22%93}\u00bb]<\/p>\n<h2 style=\"text-align: center;\">CURSOS<\/h2>\n<p>[\/et_pb_text][et_pb_text _builder_version=\u00bb4.27.6&#8243; _module_preset=\u00bbdefault\u00bb text_text_color=\u00bb#FFFFFF\u00bb background_color=\u00bbgcid-2840b77b-6d98-4618-8a45-5e9e984aa926&#8243; custom_padding=\u00bb20px|20px|20px|20px|true|true\u00bb border_radii=\u00bbon|20px|20px|20px|20px\u00bb global_colors_info=\u00bb{%22gcid-2840b77b-6d98-4618-8a45-5e9e984aa926%22:%91%22background_color%22%93}\u00bb]<\/p>\n<p style=\"text-align: center;\">\u00bfQuieres aprender la lengua de signos? Inf\u00f3rmate sobre nuestros cursos.<\/p>\n<p>[\/et_pb_text][\/et_pb_column][\/et_pb_row][\/et_pb_section][et_pb_section fb_built=\u00bb1&#8243; disabled_on=\u00bboff|off|on\u00bb _builder_version=\u00bb4.27.6&#8243; _module_preset=\u00bbdefault\u00bb background_image=\u00bbhttps:\/\/www.borealstore.org\/wp-content\/uploads\/2026\/03\/monograma_web_arrova.png\u00bb background_size=\u00bbcontain\u00bb background_repeat=\u00bbrepeat\u00bb global_colors_info=\u00bb{}\u00bb][et_pb_row column_structure=\u00bb1_3,1_3,1_3&#8243; _builder_version=\u00bb4.27.6&#8243; _module_preset=\u00bbdefault\u00bb global_colors_info=\u00bb{}\u00bb][et_pb_column type=\u00bb1_3&#8243; _builder_version=\u00bb4.27.6&#8243; _module_preset=\u00bbdefault\u00bb global_colors_info=\u00bb{}\u00bb][et_pb_text _builder_version=\u00bb4.27.6&#8243; _module_preset=\u00bbdefault\u00bb header_text_align=\u00bbcenter\u00bb header_2_text_color=\u00bb#FFFFFF\u00bb header_2_font_size=\u00bb30px\u00bb background_color=\u00bbgcid-46163ba7-5a46-4e6c-83ea-ad8407f6a515&#8243; width=\u00bb100%\u00bb max_width=\u00bb100%\u00bb min_height=\u00bb313px\u00bb custom_padding=\u00bb135px||||false|false\u00bb link_option_url=\u00bbhttps:\/\/www.borealstore.org\/es\/tienda\/\u00bb border_radii=\u00bbon|227px|227px|227px|227px\u00bb global_colors_info=\u00bb{%22gcid-46163ba7-5a46-4e6c-83ea-ad8407f6a515%22:%91%22background_color%22%93}\u00bb]<\/p>\n<h2 style=\"text-align: center;\">TIENDA<\/h2>\n<p>[\/et_pb_text][et_pb_text _builder_version=\u00bb4.27.6&#8243; _module_preset=\u00bbdefault\u00bb text_text_color=\u00bb#FFFFFF\u00bb background_color=\u00bbgcid-2840b77b-6d98-4618-8a45-5e9e984aa926&#8243; custom_padding=\u00bb20px|20px|20px|20px|true|true\u00bb border_radii=\u00bbon|20px|20px|20px|20px\u00bb global_colors_info=\u00bb{%22gcid-2840b77b-6d98-4618-8a45-5e9e984aa926%22:%91%22background_color%22%93}\u00bb]<\/p>\n<p style=\"text-align: center;\">Visita nuestra tienda donde podr\u00e1s comprar nuestros productos.<\/p>\n<p>[\/et_pb_text][\/et_pb_column][et_pb_column type=\u00bb1_3&#8243; _builder_version=\u00bb4.27.6&#8243; _module_preset=\u00bbdefault\u00bb global_colors_info=\u00bb{}\u00bb][et_pb_text _builder_version=\u00bb4.27.6&#8243; _module_preset=\u00bbdefault\u00bb header_text_align=\u00bbcenter\u00bb header_2_text_color=\u00bb#FFFFFF\u00bb header_2_font_size=\u00bb30px\u00bb background_color=\u00bbgcid-46163ba7-5a46-4e6c-83ea-ad8407f6a515&#8243; width=\u00bb100%\u00bb max_width=\u00bb100%\u00bb min_height=\u00bb313px\u00bb custom_padding=\u00bb135px||||false|false\u00bb link_option_url=\u00bbhttps:\/\/lscboreal.cat\/\u00bb border_radii=\u00bbon|227px|227px|227px|227px\u00bb global_colors_info=\u00bb{%22gcid-46163ba7-5a46-4e6c-83ea-ad8407f6a515%22:%91%22background_color%22%93}\u00bb]<\/p>\n<h2 style=\"text-align: center;\">BOREAL<\/h2>\n<p>[\/et_pb_text][et_pb_text _builder_version=\u00bb4.27.6&#8243; _module_preset=\u00bbdefault\u00bb text_text_color=\u00bb#FFFFFF\u00bb background_color=\u00bbgcid-2840b77b-6d98-4618-8a45-5e9e984aa926&#8243; custom_padding=\u00bb20px|20px|20px|20px|true|true\u00bb border_radii=\u00bbon|20px|20px|20px|20px\u00bb global_colors_info=\u00bb{%22gcid-2840b77b-6d98-4618-8a45-5e9e984aa926%22:%91%22background_color%22%93}\u00bb]<\/p>\n<p style=\"text-align: center;\">Descubre qui\u00e9nes somos y qu\u00e9 ofrecemos en nuestra web principal.<\/p>\n<p>[\/et_pb_text][\/et_pb_column][et_pb_column type=\u00bb1_3&#8243; _builder_version=\u00bb4.27.6&#8243; _module_preset=\u00bbdefault\u00bb global_colors_info=\u00bb{}\u00bb][et_pb_text _builder_version=\u00bb4.27.6&#8243; _module_preset=\u00bbdefault\u00bb header_text_align=\u00bbcenter\u00bb header_2_text_color=\u00bb#FFFFFF\u00bb header_2_font_size=\u00bb30px\u00bb background_color=\u00bbgcid-46163ba7-5a46-4e6c-83ea-ad8407f6a515&#8243; width=\u00bb100%\u00bb max_width=\u00bb100%\u00bb min_height=\u00bb313px\u00bb custom_padding=\u00bb135px||||false|false\u00bb link_option_url=\u00bbhttps:\/\/lscboreal.cat\/cursos\/\u00bb border_radii=\u00bbon|227px|227px|227px|227px\u00bb global_colors_info=\u00bb{%22gcid-46163ba7-5a46-4e6c-83ea-ad8407f6a515%22:%91%22background_color%22%93}\u00bb]<\/p>\n<h2 style=\"text-align: center;\">CURSOS<\/h2>\n<p>[\/et_pb_text][et_pb_text _builder_version=\u00bb4.27.6&#8243; _module_preset=\u00bbdefault\u00bb text_text_color=\u00bb#FFFFFF\u00bb background_color=\u00bbgcid-2840b77b-6d98-4618-8a45-5e9e984aa926&#8243; custom_padding=\u00bb20px|20px|20px|20px|true|true\u00bb border_radii=\u00bbon|20px|20px|20px|20px\u00bb global_colors_info=\u00bb{%22gcid-2840b77b-6d98-4618-8a45-5e9e984aa926%22:%91%22background_color%22%93}\u00bb]<\/p>\n<p style=\"text-align: center;\">\u00bfQuieres aprender la lengua de signos? Inf\u00f3rmate sobre nuestros cursos.<\/p>\n<p>[\/et_pb_text][\/et_pb_column][\/et_pb_row][\/et_pb_section]<\/p>\n","protected":false},"excerpt":{"rendered":"<p>Un mundo lleno de cosas en lengua de signosTIENDAVisita nuestra tienda donde podr\u00e1s comprar nuestros productos.Descubre qui\u00e9nes somos y qu\u00e9 ofrecemos en nuestra web principal.BOREALCURSOS\u00bfQuieres aprender la lengua de signos? Inf\u00f3rmate sobre nuestros cursos.TIENDAVisita nuestra tienda donde podr\u00e1s comprar nuestros productos.BOREALDescubre qui\u00e9nes somos y qu\u00e9 ofrecemos en nuestra web principal.CURSOS\u00bfQuieres aprender la lengua de signos? [&hellip;]<\/p>\n","protected":false},"author":2,"featured_media":0,"parent":0,"menu_order":0,"comment_status":"closed","ping_status":"closed","template":"","meta":{"_et_pb_use_builder":"on","_et_pb_old_content":"","_et_gb_content_width":"","footnotes":""},"class_list":["post-324","page","type-page","status-publish","hentry"],"_links":{"self":[{"href":"https:\/\/www.borealstore.org\/es\/wp-json\/wp\/v2\/pages\/324","targetHints":{"allow":["GET"]}}],"collection":[{"href":"https:\/\/www.borealstore.org\/es\/wp-json\/wp\/v2\/pages"}],"about":[{"href":"https:\/\/www.borealstore.org\/es\/wp-json\/wp\/v2\/types\/page"}],"author":[{"embeddable":true,"href":"https:\/\/www.borealstore.org\/es\/wp-json\/wp\/v2\/users\/2"}],"replies":[{"embeddable":true,"href":"https:\/\/www.borealstore.org\/es\/wp-json\/wp\/v2\/comments?post=324"}],"version-history":[{"count":12,"href":"https:\/\/www.borealstore.org\/es\/wp-json\/wp\/v2\/pages\/324\/revisions"}],"predecessor-version":[{"id":458,"href":"https:\/\/www.borealstore.org\/es\/wp-json\/wp\/v2\/pages\/324\/revisions\/458"}],"wp:attachment":[{"href":"https:\/\/www.borealstore.org\/es\/wp-json\/wp\/v2\/media?parent=324"}],"curies":[{"name":"wp","href":"https:\/\/api.w.org\/{rel}","templated":true}]}}