{"id":327,"date":"2026-03-11T11:43:30","date_gmt":"2026-03-11T10:43:30","guid":{"rendered":"https:\/\/www.borealstore.org\/politica-de-reembolsos-y-devoluciones\/"},"modified":"2026-03-16T10:36:03","modified_gmt":"2026-03-16T09:36:03","slug":"politica-de-reembolsos-y-devoluciones","status":"publish","type":"page","link":"https:\/\/www.borealstore.org\/es\/politica-de-reembolsos-y-devoluciones\/","title":{"rendered":"Pol\u00edtica de reembolsos y devoluciones"},"content":{"rendered":"<p>[et_pb_section fb_built=\u00bb1&#8243; _builder_version=\u00bb4.27.6&#8243; _module_preset=\u00bbdefault\u00bb background_enable_color=\u00bboff\u00bb custom_padding=\u00bb||5px|||\u00bb locked=\u00bboff\u00bb global_colors_info=\u00bb{%22gcid-2840b77b-6d98-4618-8a45-5e9e984aa926%22:%91%22background_color%22%93}\u00bb][et_pb_row _builder_version=\u00bb4.27.6&#8243; _module_preset=\u00bbdefault\u00bb custom_padding=\u00bb||2px|||\u00bb global_colors_info=\u00bb{}\u00bb][et_pb_column type=\u00bb4_4&#8243; _builder_version=\u00bb4.27.6&#8243; _module_preset=\u00bbdefault\u00bb global_colors_info=\u00bb{}\u00bb][et_pb_text _builder_version=\u00bb4.27.6&#8243; _module_preset=\u00bbdefault\u00bb header_text_color=\u00bbgcid-primary-color\u00bb border_width_bottom=\u00bb1px\u00bb border_color_bottom=\u00bbgcid-secondary-color\u00bb global_colors_info=\u00bb{%22gcid-primary-color%22:%91%22header_text_color%22%93,%22gcid-secondary-color%22:%91%22border_color_bottom%22%93}\u00bb]<\/p>\n<h1 style=\"text-align: left;\">POL\u00cdTICA DE REEMBOLSOS Y DEVOLUCIONES<\/h1>\n<p>[\/et_pb_text][\/et_pb_column][\/et_pb_row][\/et_pb_section][et_pb_section fb_built=\u00bb1&#8243; _builder_version=\u00bb4.16&#8243; global_colors_info=\u00bb{}\u00bb][et_pb_row _builder_version=\u00bb4.16&#8243; background_size=\u00bbinitial\u00bb background_position=\u00bbtop_left\u00bb background_repeat=\u00bbrepeat\u00bb global_colors_info=\u00bb{}\u00bb][et_pb_column type=\u00bb4_4&#8243; _builder_version=\u00bb4.16&#8243; custom_padding=\u00bb|||\u00bb global_colors_info=\u00bb{}\u00bb custom_padding__hover=\u00bb|||\u00bb][et_pb_text _builder_version=\u00bb4.27.6&#8243; background_size=\u00bbinitial\u00bb background_position=\u00bbtop_left\u00bb background_repeat=\u00bbrepeat\u00bb hover_enabled=\u00bb0&#8243; global_colors_info=\u00bb{}\u00bb sticky_enabled=\u00bb0&#8243;]<\/p>\n<p><!-- \/divi:paragraph --><\/p>\n<p><!-- divi:heading --><\/p>\n<h2 class=\"wp-block-heading\"><span>Visi\u00f3n general<\/span><\/h2>\n<p><!-- \/divi:heading --><\/p>\n<p><span>Nuestra pol\u00edtica de devoluciones y reembolsos tiene una duraci\u00f3n de 30 d\u00edas. Si han pasado 30 d\u00edas desde su compra, no podemos ofrecerle un reembolso completo ni un cambio.<\/span><\/p>\n<p><span>Para ser elegible para una devoluci\u00f3n, el art\u00edculo debe estar sin usar y en las mismas condiciones en que lo recibi\u00f3. Tambi\u00e9n debe estar en el envase original.<\/span><\/p>\n<p><span>Diversos tipos de mercanc\u00edas est\u00e1n exentos de devoluci\u00f3n. Los bienes perecederos como alimentos, flores, peri\u00f3dicos o revistas no se pueden devolver. Tampoco aceptamos productos que sean art\u00edculos \u00edntimos o sanitarios, materiales peligrosos o l\u00edquidos o gases inflamables.<\/span><\/p>\n<p><!-- \/divi:paragraph --><\/p>\n<p><span>Art\u00edculos adicionales no retornables:<\/span><\/p>\n<p><span>&#8211; Tarjetas de regalo<\/span><br \/><span>&#8211; Productos de software descargables<\/span><br \/><span>&#8211; Algunos art\u00edculos de salud y cuidado personal<\/span><\/p>\n<p><span>Para completar tu devoluci\u00f3n, necesitamos un recibo o prueba de compra.<\/span><\/p>\n<p><span>Por favor, no env\u00edes tu compra de vuelta al fabricante.<\/span><\/p>\n<p><span>Hay ciertas situaciones en las que solo se conceden reembolsos parciales:<\/span><\/p>\n<p><span>&#8211; Cualquier art\u00edculo que no est\u00e9 en su estado original, est\u00e9 da\u00f1ado o falte alguna prenda por razones no debidas a nuestro error.<\/span><br \/><span>&#8211; Cualquier art\u00edculo que se devuelva m\u00e1s de 30 d\u00edas despu\u00e9s de la entrega.<\/span><\/p>\n<p><!-- \/divi:list --><\/p>\n<p><!-- divi:heading --><\/p>\n<h2 class=\"wp-block-heading\"><span>Reemborsaments<\/span><\/h2>\n<p><!-- \/divi:heading --><\/p>\n<p><span>Una vez recibamos e inspeccionemos su devoluci\u00f3n, le enviaremos un correo electr\u00f3nico para notificarle que hemos recibido el art\u00edculo devuelto. Tambi\u00e9n os informaremos sobre la aprobaci\u00f3n o el rechazo de vuestro reembolso.<\/span><\/p>\n<p><span>Si se aprueba, se procesar\u00e1 el reembolso y se aplicar\u00e1 un cr\u00e9dito autom\u00e1ticamente a su tarjeta de cr\u00e9dito o al m\u00e9todo de pago original, dentro de un n\u00famero determinado de d\u00edas.<\/span><\/p>\n<p><!-- \/divi:paragraph --><\/p>\n<p><!-- divi:heading {\"level\":3} --><\/p>\n<h3 class=\"wp-block-heading\"><span>Reembolsos tard\u00edos o desaparecidos<\/span><\/h3>\n<p><!-- \/divi:heading --><\/p>\n<p><span>Si a\u00fan no han recibido un reembolso, primero vuelvan a comprobar su cuenta bancaria. <\/span><\/p>\n<p><span>Despu\u00e9s, contacten con su compa\u00f1\u00eda de tarjetas de cr\u00e9dito, ya que puede pasar un tiempo antes de que su reembolso se registre oficialmente.<\/span><\/p>\n<p><span>A continuaci\u00f3n, contacte con su banco. A menudo hay un tiempo de procesamiento antes de que se registre un reembolso.<\/span><\/p>\n<p><span>Si ha hecho todo esto y todav\u00eda no ha recibido su reembolso, por favor, contacte con nosotros en <a href=\"mailto:marketing@lscboreal.cat\" data-linkindex=\"0\" title=\"mailto:marketing@lscboreal.cat\" data-olk-copy-source=\"MessageBody\">marketing@lscboreal.cat<\/a>.<\/span><\/p>\n<p><!-- \/divi:paragraph --><\/p>\n<p><!-- divi:heading {\"level\":3} --><\/p>\n<h3 class=\"wp-block-heading\"><span>Art\u00edculos en oferta<\/span><\/h3>\n<p><!-- \/divi:heading --><\/p>\n<p><span>Solo los art\u00edculos con precio normal se pueden reembolsar. Los art\u00edculos en oferta no se pueden reembolsar.<\/span><\/p>\n<p><!-- \/divi:paragraph --><\/p>\n<p><!-- divi:heading --><\/p>\n<h2 class=\"wp-block-heading\"><span>Intercanvios<\/span><\/h2>\n<p><!-- \/divi:heading --><\/p>\n<p><span>S\u00f3lo sustituimos los art\u00edculos si est\u00e1n defectuosos o da\u00f1ados. Si necesita cambiarlo por el mismo art\u00edculo, env\u00edenos un correo electr\u00f3nico a <a href=\"mailto:marketing@lscboreal.cat\" data-linkindex=\"0\" title=\"mailto:marketing@lscboreal.cat\" data-olk-copy-source=\"MessageBody\">marketing@lscboreal.cat<\/a>.<\/span><\/p>\n<p><!-- \/divi:paragraph --><\/p>\n<p><!-- divi:heading --><\/p>\n<h2 class=\"wp-block-heading\"><span>Regalos<\/span><\/h2>\n<p><!-- \/divi:heading --><\/p>\n<p><span>Si el art\u00edculo estaba marcado como regalo al comprarse y se enviaba directamente a usted, recibir\u00e1 un cr\u00e9dito de regalo por el valor de su devoluci\u00f3n. Una vez recibido el art\u00edculo devuelto, se le enviar\u00e1 un certificado de regalo por correo.<\/span><\/p>\n<p><span>Si el art\u00edculo no estaba marcado como regalo cuando se compr\u00f3, o si la persona que hizo el regalo envi\u00f3 el pedido a s\u00ed misma para d\u00e1rselo m\u00e1s tarde, enviaremos un reembolso a la persona que hizo el regalo y sabr\u00e1 de su devoluci\u00f3n.<\/span><\/p>\n<p><!-- \/divi:paragraph --><\/p>\n<p><!-- divi:heading --><\/p>\n<h2 class=\"wp-block-heading\"><span>Devoluciones de env\u00edo<\/span><\/h2>\n<p><!-- \/divi:heading --><\/p>\n<p>Para devolver su producto, tiene que enviar el producto a: Calle Francisco de Quevedo, 16, Granollers 08402.<\/p>\n<p><span>Ser\u00e1 responsabilidad suya pagar los costos de env\u00edo para devolver el art\u00edculo. Los costos de env\u00edo no son reembolsables. Si reciben un reembolso, el costo del env\u00edo de devoluci\u00f3n se deducir\u00e1 de su reembolso.<\/span><\/p>\n<p><span>Dependiendo de d\u00f3nde vivan, el tiempo que puede tardar en llegarles el producto cambiado puede variar.<\/span><\/p>\n<p><span>Si est\u00e1is devolviendo art\u00edculos m\u00e1s caros, pod\u00e9is considerar utilizar un servicio de env\u00edo con seguimiento o comprar un seguro de env\u00edo. No garantizamos que recibamos su art\u00edculo devuelto.<\/span><\/p>\n<p><!-- \/divi:paragraph --><\/p>\n<p><!-- divi:heading --><\/p>\n<h2 class=\"wp-block-heading\"><span>\u00bfNecesitas ayuda?<\/span><\/h2>\n<p><!-- \/divi:heading --><\/p>\n<p><span>a <a href=\"mailto:marketing@lscboreal.cat\" data-linkindex=\"0\" title=\"mailto:marketing@lscboreal.cat\" data-olk-copy-source=\"MessageBody\">marketing@lscboreal.cat<\/a> per a preguntes relacionades amb reemborsaments i devolucions.<\/span><\/p>\n<p><!-- \/divi:paragraph --><\/p>\n<p>[\/et_pb_text][\/et_pb_column][\/et_pb_row][\/et_pb_section]<\/p>\n","protected":false},"excerpt":{"rendered":"<p>POL\u00cdTICA DE REEMBOLSOS Y DEVOLUCIONES Visi\u00f3n general Nuestra pol\u00edtica de devoluciones y reembolsos tiene una duraci\u00f3n de 30 d\u00edas. Si han pasado 30 d\u00edas desde su compra, no podemos ofrecerle un reembolso completo ni un cambio. Para ser elegible para una devoluci\u00f3n, el art\u00edculo debe estar sin usar y en las mismas condiciones en que [&hellip;]<\/p>\n","protected":false},"author":1,"featured_media":0,"parent":0,"menu_order":0,"comment_status":"closed","ping_status":"closed","template":"","meta":{"_et_pb_use_builder":"on","_et_pb_old_content":"","_et_gb_content_width":"","footnotes":""},"class_list":["post-327","page","type-page","status-publish","hentry"],"_links":{"self":[{"href":"https:\/\/www.borealstore.org\/es\/wp-json\/wp\/v2\/pages\/327","targetHints":{"allow":["GET"]}}],"collection":[{"href":"https:\/\/www.borealstore.org\/es\/wp-json\/wp\/v2\/pages"}],"about":[{"href":"https:\/\/www.borealstore.org\/es\/wp-json\/wp\/v2\/types\/page"}],"author":[{"embeddable":true,"href":"https:\/\/www.borealstore.org\/es\/wp-json\/wp\/v2\/users\/1"}],"replies":[{"embeddable":true,"href":"https:\/\/www.borealstore.org\/es\/wp-json\/wp\/v2\/comments?post=327"}],"version-history":[{"count":4,"href":"https:\/\/www.borealstore.org\/es\/wp-json\/wp\/v2\/pages\/327\/revisions"}],"predecessor-version":[{"id":415,"href":"https:\/\/www.borealstore.org\/es\/wp-json\/wp\/v2\/pages\/327\/revisions\/415"}],"wp:attachment":[{"href":"https:\/\/www.borealstore.org\/es\/wp-json\/wp\/v2\/media?parent=327"}],"curies":[{"name":"wp","href":"https:\/\/api.w.org\/{rel}","templated":true}]}}