{"id":330,"date":"2026-03-11T11:22:37","date_gmt":"2026-03-11T10:22:37","guid":{"rendered":"https:\/\/www.borealstore.org\/politica-de-privacidad\/"},"modified":"2026-03-12T12:16:51","modified_gmt":"2026-03-12T11:16:51","slug":"politica-de-privacidad","status":"publish","type":"page","link":"https:\/\/www.borealstore.org\/es\/politica-de-privacidad\/","title":{"rendered":"Pol\u00edtica de privacidad"},"content":{"rendered":"<p>[et_pb_section fb_built=\u00bb1&#8243; _builder_version=\u00bb4.27.6&#8243; _module_preset=\u00bbdefault\u00bb custom_padding=\u00bb||5px|||\u00bb hover_enabled=\u00bb0&#8243; global_colors_info=\u00bb{%22gcid-2840b77b-6d98-4618-8a45-5e9e984aa926%22:%91%22background_color%22%93}\u00bb background_enable_color=\u00bboff\u00bb sticky_enabled=\u00bb0&#8243;][et_pb_row _builder_version=\u00bb4.27.6&#8243; _module_preset=\u00bbdefault\u00bb global_colors_info=\u00bb{}\u00bb custom_padding=\u00bb||2px|||\u00bb][et_pb_column type=\u00bb4_4&#8243; _builder_version=\u00bb4.27.6&#8243; _module_preset=\u00bbdefault\u00bb global_colors_info=\u00bb{}\u00bb][et_pb_text _builder_version=\u00bb4.27.6&#8243; _module_preset=\u00bbdefault\u00bb header_text_color=\u00bbgcid-primary-color\u00bb hover_enabled=\u00bb0&#8243; global_colors_info=\u00bb{%22gcid-primary-color%22:%91%22header_text_color%22%93,%22gcid-secondary-color%22:%91%22border_color_bottom%22%93}\u00bb sticky_enabled=\u00bb0&#8243; border_width_bottom=\u00bb1px\u00bb border_color_bottom=\u00bbgcid-secondary-color\u00bb]<\/p>\n<h1 style=\"text-align: left;\">POL\u00cdTICA DE PRIVACIDAD<\/h1>\n<p>[\/et_pb_text][\/et_pb_column][\/et_pb_row][\/et_pb_section][et_pb_section fb_built=\u00bb1&#8243; _builder_version=\u00bb4.27.6&#8243; _module_preset=\u00bbdefault\u00bb global_colors_info=\u00bb{}\u00bb][et_pb_row _builder_version=\u00bb4.27.6&#8243; _module_preset=\u00bbdefault\u00bb global_colors_info=\u00bb{}\u00bb][et_pb_column type=\u00bb4_4&#8243; _builder_version=\u00bb4.27.6&#8243; _module_preset=\u00bbdefault\u00bb global_colors_info=\u00bb{}\u00bb][et_pb_text _builder_version=\u00bb4.27.6&#8243; _module_preset=\u00bbdefault\u00bb global_colors_info=\u00bb{}\u00bb]<\/p>\n<h2><strong>\u00bfQu\u00e9 son las galletas y por qu\u00e9 las utilizamos en Boreal?<\/strong><\/h2>\n<p><span>Las cookies son peque\u00f1os archivos de texto que, despu\u00e9s de cada visita a un sitio web, se almacenan en tu ordenador. Boreal utiliza cookies (y tecnolog\u00edas similares) para poder reconocer a nuestros visitantes en su pr\u00f3xima visita. Gracias a las cookies, podemos, por ejemplo, guardar el contenido del carrito de la compra. Adem\u00e1s, las cookies nos permiten recopilar informaci\u00f3n sobre c\u00f3mo nuestros visitantes utilizan el sitio web, de manera que no solo podemos mejorar el contenido que mostramos y adaptarlo a los deseos y preferencias de nuestros visitantes. Las cookies tambi\u00e9n nos permiten ofrecer publicidad m\u00e1s personalizada.    <\/span><\/p>\n<p><span><\/span><\/p>\n<h3><span><\/span><span><strong>Aceptar cookies:<\/strong><\/span><\/h3>\n<p><span>Cuando visitas nuestra p\u00e1gina web, aparecer\u00e1 una ventana emergente en la que podr\u00e1s autorizar el uso de las cookies, tal como lo hemos descrito en esta declaraci\u00f3n. Si haces clic en la ventana pop-up continuando visitando el sitio web, entenderemos que aceptas el uso de las cookies. <\/span><\/p>\n<p><span><\/span><\/p>\n<h2>A. INFORMACI\u00d3N SOBRE EL USO DE COOKIES &#8211; LEY DE COOKIES<\/h2>\n<p><span>En este sitio web se pueden estar utilizando cookies en algunas p\u00e1ginas. La finalidad de estas cookies es mejorar el servicio que ofrecen a sus clientes y a nuestros visitantes. En caso de ser instaladas, el administrador de este sitio web le solicitar\u00e1 su consentimiento para hacerlo, y tendr\u00e1 la opci\u00f3n de aceptarlo.  <\/span><span><\/span><\/p>\n<p><span>Art. 22 LSSI.- \u201cLos prestadores de servicios podr\u00e1n utilizar dispositivos de almacenamiento y recuperaci\u00f3n de datos en equipos terminales de los destinatarios, siempre que estos hayan dado su consentimiento despu\u00e9s de que se les haya facilitado informaci\u00f3n clara y completa sobre su utilizaci\u00f3n, en particular, sobre los fines del tratamiento de los datos, de acuerdo con la legislaci\u00f3n sobre Protecci\u00f3n de Datos de Car\u00e1cter Personal. Cuando sea t\u00e9cnicamente posible y eficaz, el consentimiento del destinatario para aceptar el tratamiento de los datos podr\u00e1 facilitarse mediante el uso de los par\u00e1metros adecuados del navegador u otras aplicaciones, siempre que este deba proceder a su configuraci\u00f3n durante su instalaci\u00f3n o actualizaci\u00f3n mediante una acci\u00f3n expresa a tal efecto.<\/span><span><\/span><\/p>\n<p><span>Lo anterior no impedir\u00e1 el almacenamiento o acceso posible de car\u00e1cter t\u00e9cnico con la finalidad exclusiva de efectuar la transmisi\u00f3n de una comunicaci\u00f3n por una red de comunicaciones electr\u00f3nicas o, en la medida en que resulte estrictamente necesario, para la prestaci\u00f3n de un servicio de la sociedad de la informaci\u00f3n expresamente solicitado por el destinatario.<\/span><\/p>\n<p><span>Una \u00abCookie\u00bb es un peque\u00f1o archivo que se almacena en el ordenador del usuario y nos permite reconocerlo. El conjunto de \u00abcookies\u00bb nos ayuda a mejorar la calidad de nuestra web, permiti\u00e9ndonos controlar qu\u00e9 p\u00e1ginas encuentran \u00fatiles nuestros usuarios y cu\u00e1les no. <\/span><\/p>\n<p><span><\/span><\/p>\n<h2><span>B. ADMINISTRACI\u00d3N DE COOKIES Y REVOCACI\u00d3N DEL CONSENTIMIENTO OTORGADO<\/span><\/h2>\n<p><span>Les informamos que pueden rechazar el uso y la instalaci\u00f3n de las cookies de este sitio web cambiando la configuraci\u00f3n de su navegador, pudiendo continuar utilizando este sitio web, tambi\u00e9n les advertimos que la experiencia de uso de este sitio web puede verse limitada si cambian algunas de las opciones que les ofrecemos:<\/span><span><\/span><\/p>\n<p><span>Si necesita m\u00e1s informaci\u00f3n sobre el bloqueo en su equipo de cookies, no dude en consultar la explicaci\u00f3n que se le da en este enlace web: https:\/\/support.microsoft.com\/es-es\/help\/17442\/windows-internet-explorer-delete-manage-cookies<\/span><\/p>\n<p>Aunque las cookies son esenciales para el funcionamiento de internet, aportando innumerables ventajas en la prestaci\u00f3n de servicios interactivos, facilit\u00e1ndole la navegaci\u00f3n y el uso de nuestra web. Las cookies no pueden da\u00f1ar su equipo y, a cambio, que est\u00e9n activadas nos ayudan a identificar y resolver los errores. <\/p>\n<h3>Tipos de galletas<\/h3>\n<p>La informaci\u00f3n que le proporcionamos a continuaci\u00f3n le ayudar\u00e1 a comprender los diferentes tipos de galletas:<span><\/span><\/p>\n<p><span>&#8211; Cookies de sesi\u00f3n: son cookies temporales que permanecen en el archivo de cookies de su navegador hasta que abandone la p\u00e1gina web, de manera que ninguna queda registrada en el disco duro del usuario. La informaci\u00f3n obtenida mediante estas cookies sirve para analizar patrones de tr\u00e1fico en la web. A largo plazo, esto nos permite proporcionar una mejor experiencia para mejorar el contenido y facilitar su uso.  <br \/>&#8211; Cookies permanentes: se almacenan en el disco duro y nuestra web las lee cada vez que usted realiza una nueva visita. Una web permanente tiene una fecha de caducidad indeterminada. La cookie dejar\u00e1 de funcionar despu\u00e9s de esta fecha. Las utilizamos, generalmente, para facilitar los servicios de compra y registro.   <\/span><\/p>\n<p>Adem\u00e1s, le informamos que las cookies permiten obtener la siguiente informaci\u00f3n:<span><\/span><\/p>\n<p><span>&#8211; Fecha y hora de la \u00faltima vez que el usuario visit\u00f3 la Web.<br \/>&#8211; Dise\u00f1o de contenido que el usuario eligi\u00f3 en su primera visita al sitio web.<br \/>&#8211; Elementos de seguridad que intervienen en el control de acceso a las \u00e1reas restringidas.<br \/>&#8211; Otro tipo de informaci\u00f3n de determinadas cookies espec\u00edficas.<\/span><\/p>\n<p>En todo caso y en cumplimiento de la \u201cLey de Cookies\u201d Ley 13\/2012 de 30 de marzo, y del art. 22 de la LSSI, nuestra p\u00e1gina Web, en caso de instalar alguna cookie le solicitar\u00e1 su consentimiento previo a la instalaci\u00f3n de la misma en el mismo momento en que indexe nuestra direcci\u00f3n Web. <span><\/span><\/p>\n<p><span>En algunos casos, el hecho de no aceptar la instalaci\u00f3n de estas, nuestra p\u00e1gina web puede no permitirte continuar navegando en ella. Y algunos de nuestros servicios podr\u00edan no funcionar adecuadamente. <\/span><\/p>\n<p><span><\/span><\/p>\n<h3>Lista de cookies<\/h3>\n<p>En la siguiente tabla encontrar\u00e1s una lista de las cookies que utilizamos en nuestra p\u00e1gina web. Las dividimos en tres grupos: <\/p>\n<p>&#8211; Cookies funcionales:&gt;a\u00f1adir productos al carrito de la compra, iniciar sesi\u00f3n en Boreal. Necesitamos estas cookies para que nuestro sitio web funcione bien. <span><\/span><\/p>\n<p><span>&#8211; Galletas de an\u00e1lisis: mejoramos cada d\u00eda, este es nuestro lema m\u00e1s importante. Con la ayuda de las galletas de an\u00e1lisis, podemos ver c\u00f3mo funciona nuestro sitio web y c\u00f3mo podemos mejorarlo. <\/span><\/p>\n<p>&#8211; Galletas de publicidad y marketing: te ayudamos a encontrar el regalo perfecto, por eso hacemos uso de galletas de publicidad y marketing. Estas galletas nos ayudan a mostrarte mejor publicidad y contenido en nuestro sitio web y tambi\u00e9n en p\u00e1ginas web de terceros. <\/p>\n<p>&#8211; Descripci\u00f3n: Utilizamos estas cookies para saber si te has registrado como usuario o recordar tu inicio de sesi\u00f3n, la sesi\u00f3n de nuestro comercio electr\u00f3nico y para generar la cookie de afiliados externos que trabajan para nosotros. Segmento<\/p>\n<p><span><\/span><\/p>\n<p><span>Tenemos acuerdos con terceros que hacen uso de cookies; son acuerdos sobre el uso de las cookies y de aplicaciones. No obstante, no tenemos control completo sobre c\u00f3mo estos terceros hacen uso de las cookies en sus aplicaciones. Para saber m\u00e1s sobre c\u00f3mo estos terceros hacen uso de las cookies y de sus aplicaciones, dir\u00edgete a las pol\u00edticas de privacidad de estos terceros en la tabla de arriba (atenci\u00f3n: estas pueden cambiar con regularidad).  <\/span><\/p>\n<p>Boreal ha seguido los criterios y consejos que la Agencia Espa\u00f1ola de Protecci\u00f3n de Datos ha publicado en su \u201cGu\u00eda sobre el uso de las Cookies\u201d del a\u00f1o 2026.<\/p>\n<p>[\/et_pb_text][\/et_pb_column][\/et_pb_row][\/et_pb_section]<\/p>\n","protected":false},"excerpt":{"rendered":"<p>POL\u00cdTICA DE PRIVACIDAD\u00bfQu\u00e9 son las galletas y por qu\u00e9 las utilizamos en Boreal? Las cookies son peque\u00f1os archivos de texto que, despu\u00e9s de cada visita a un sitio web, se almacenan en tu ordenador. Boreal utiliza cookies (y tecnolog\u00edas similares) para poder reconocer a nuestros visitantes en su pr\u00f3xima visita. Gracias a las cookies, podemos, [&hellip;]<\/p>\n","protected":false},"author":2,"featured_media":0,"parent":0,"menu_order":0,"comment_status":"closed","ping_status":"closed","template":"","meta":{"_et_pb_use_builder":"on","_et_pb_old_content":"","_et_gb_content_width":"","footnotes":""},"class_list":["post-330","page","type-page","status-publish","hentry"],"_links":{"self":[{"href":"https:\/\/www.borealstore.org\/es\/wp-json\/wp\/v2\/pages\/330","targetHints":{"allow":["GET"]}}],"collection":[{"href":"https:\/\/www.borealstore.org\/es\/wp-json\/wp\/v2\/pages"}],"about":[{"href":"https:\/\/www.borealstore.org\/es\/wp-json\/wp\/v2\/types\/page"}],"author":[{"embeddable":true,"href":"https:\/\/www.borealstore.org\/es\/wp-json\/wp\/v2\/users\/2"}],"replies":[{"embeddable":true,"href":"https:\/\/www.borealstore.org\/es\/wp-json\/wp\/v2\/comments?post=330"}],"version-history":[{"count":2,"href":"https:\/\/www.borealstore.org\/es\/wp-json\/wp\/v2\/pages\/330\/revisions"}],"predecessor-version":[{"id":332,"href":"https:\/\/www.borealstore.org\/es\/wp-json\/wp\/v2\/pages\/330\/revisions\/332"}],"wp:attachment":[{"href":"https:\/\/www.borealstore.org\/es\/wp-json\/wp\/v2\/media?parent=330"}],"curies":[{"name":"wp","href":"https:\/\/api.w.org\/{rel}","templated":true}]}}