{"id":374,"date":"2026-03-10T11:52:55","date_gmt":"2026-03-10T10:52:55","guid":{"rendered":"https:\/\/www.borealstore.org\/producte\/lapiz\/"},"modified":"2026-03-16T11:54:16","modified_gmt":"2026-03-16T10:54:16","slug":"lapiz","status":"publish","type":"product","link":"https:\/\/www.borealstore.org\/es\/producte\/lapiz\/","title":{"rendered":"L\u00e1piz"},"content":{"rendered":"<p>Modelos variados: pu\u00f1o, mano abierta o dedo se\u00f1alando.<\/p>\n<p>L\u00e1piz est\u00e1ndar con goma de 3 cm aprox.<\/p>\n","protected":false},"excerpt":{"rendered":"<p>L\u00e1piz individual y goma de borrar con forma de configuraci\u00f3n de manos.<\/p>\n","protected":false},"featured_media":372,"comment_status":"closed","ping_status":"closed","template":"","meta":{"_et_pb_use_builder":"","_et_pb_old_content":"","_et_gb_content_width":""},"product_brand":[],"product_cat":[33,30],"product_tag":[],"class_list":{"0":"post-374","1":"product","2":"type-product","3":"status-publish","4":"has-post-thumbnail","6":"product_cat-material-escolar","7":"product_cat-todos","9":"first","10":"instock","11":"taxable","12":"shipping-taxable","13":"purchasable","14":"product-type-variable"},"_links":{"self":[{"href":"https:\/\/www.borealstore.org\/es\/wp-json\/wp\/v2\/product\/374","targetHints":{"allow":["GET"]}}],"collection":[{"href":"https:\/\/www.borealstore.org\/es\/wp-json\/wp\/v2\/product"}],"about":[{"href":"https:\/\/www.borealstore.org\/es\/wp-json\/wp\/v2\/types\/product"}],"replies":[{"embeddable":true,"href":"https:\/\/www.borealstore.org\/es\/wp-json\/wp\/v2\/comments?post=374"}],"wp:featuredmedia":[{"embeddable":true,"href":"https:\/\/www.borealstore.org\/es\/wp-json\/wp\/v2\/media\/372"}],"wp:attachment":[{"href":"https:\/\/www.borealstore.org\/es\/wp-json\/wp\/v2\/media?parent=374"}],"wp:term":[{"taxonomy":"product_brand","embeddable":true,"href":"https:\/\/www.borealstore.org\/es\/wp-json\/wp\/v2\/product_brand?post=374"},{"taxonomy":"product_cat","embeddable":true,"href":"https:\/\/www.borealstore.org\/es\/wp-json\/wp\/v2\/product_cat?post=374"},{"taxonomy":"product_tag","embeddable":true,"href":"https:\/\/www.borealstore.org\/es\/wp-json\/wp\/v2\/product_tag?post=374"}],"curies":[{"name":"wp","href":"https:\/\/api.w.org\/{rel}","templated":true}]}}